{"id":3420,"date":"2017-03-24T12:23:57","date_gmt":"2017-03-24T10:23:57","guid":{"rendered":"https:\/\/inlab.fib.upc.edu\/?page_id=3420"},"modified":"2017-03-24T12:23:57","modified_gmt":"2017-03-24T10:23:57","slug":"citscale","status":"publish","type":"page","link":"https:\/\/inlab.fib.upc.edu\/es\/citscale","title":{"rendered":"CitScale"},"content":{"rendered":"<p>Herramientas y servicios para el an\u00e1lisis y la evaluaci\u00f3n de nuevos conceptos de movilidad, nuevos tipos de veh\u00edculo y pol\u00edticas para la ciudad.<\/p>\n<p><!--more--><\/p>\n<p>\u200b<\/p>\n<div>\u200b[column begin=\u00bb1&#8243; cols=\u00bb4&#8243;]<img fetchpriority=\"high\" decoding=\"async\" class=\" size-full wp-image-3393\" src=\"https:\/\/inlab.fib.upc.edu\/wp-content\/uploads\/2017\/03\/1-pexels-photo-110241_mod.jpg\" width=\"900\" height=\"600\" srcset=\"https:\/\/inlab.fib.upc.edu\/wp-content\/uploads\/2017\/03\/1-pexels-photo-110241_mod.jpg 900w, https:\/\/inlab.fib.upc.edu\/wp-content\/uploads\/2017\/03\/1-pexels-photo-110241_mod-300x200.jpg 300w, https:\/\/inlab.fib.upc.edu\/wp-content\/uploads\/2017\/03\/1-pexels-photo-110241_mod-768x512.jpg 768w, https:\/\/inlab.fib.upc.edu\/wp-content\/uploads\/2017\/03\/1-pexels-photo-110241_mod-370x247.jpg 370w\" sizes=\"(max-width: 900px) 100vw, 900px\" \/><\/p>\n<h2 class=\"rtecenter\">Medidas y pol\u00edticas para la ciudad<\/h2>\n<p class=\"rtecenter\">Analizar el impacto de cambios potenciales en la infraestructura urbana o en algunas \u00e1reas espec\u00edficas como calles principales (por ejemplo: limitaciones de los l\u00edmites de velocidad u otras regulaciones, uso de carriles de autobuses y taxis por LEVs (Veh\u00edculos El\u00e9ctricos Ligeros), etc.).<\/p>\n<p class=\"rtecenter\"><a class=\"readmore\" href=\"#citypolicies\">Read more<\/a>[\/column][column cols=\u00bb4&#8243;]<img decoding=\"async\" class=\" size-full wp-image-3396\" alt=\"\" src=\"https:\/\/inlab.fib.upc.edu\/wp-content\/uploads\/2017\/03\/2.-pexels-photo-171933_v2.jpg\" width=\"900\" height=\"600\" srcset=\"https:\/\/inlab.fib.upc.edu\/wp-content\/uploads\/2017\/03\/2.-pexels-photo-171933_v2.jpg 900w, https:\/\/inlab.fib.upc.edu\/wp-content\/uploads\/2017\/03\/2.-pexels-photo-171933_v2-300x200.jpg 300w, https:\/\/inlab.fib.upc.edu\/wp-content\/uploads\/2017\/03\/2.-pexels-photo-171933_v2-768x512.jpg 768w, https:\/\/inlab.fib.upc.edu\/wp-content\/uploads\/2017\/03\/2.-pexels-photo-171933_v2-370x247.jpg 370w\" sizes=\"(max-width: 900px) 100vw, 900px\" \/><\/p>\n<h2 class=\"rtecenter\">Conceptos de movilidad<\/h2>\n<p class=\"rtecenter\">Evaluar el impacto al combinar servicios de movilidad (por ejemplo: servicios de transporte compartido, zonas de aparcamiento disuasorio o de intercambio modal (park-and-ride), etc.) para facilitar la movilidad en zonas urbanas congestionadas (movilidad de \u00faltimo quil\u00f3metro o last-mile).<\/p>\n<p class=\"rtecenter\"><a class=\"readmore\" href=\"#mobilityconcepts\">Read more<\/a>[\/column][column end=\u00bb1&#8243; cols=\u00bb4&#8243;]<img decoding=\"async\" class=\" size-full wp-image-3399\" alt=\"\" src=\"https:\/\/inlab.fib.upc.edu\/wp-content\/uploads\/2017\/03\/3-pexels-photo_v2.jpg\" width=\"900\" height=\"600\" srcset=\"https:\/\/inlab.fib.upc.edu\/wp-content\/uploads\/2017\/03\/3-pexels-photo_v2.jpg 900w, https:\/\/inlab.fib.upc.edu\/wp-content\/uploads\/2017\/03\/3-pexels-photo_v2-300x200.jpg 300w, https:\/\/inlab.fib.upc.edu\/wp-content\/uploads\/2017\/03\/3-pexels-photo_v2-768x512.jpg 768w, https:\/\/inlab.fib.upc.edu\/wp-content\/uploads\/2017\/03\/3-pexels-photo_v2-370x247.jpg 370w\" sizes=\"(max-width: 900px) 100vw, 900px\" \/><\/p>\n<h2 class=\"rtecenter\">Nuevos tipos de veh\u00edculo<\/h2>\n<p class=\"rtecenter\">Analizar el impacto en KPIs (por ejemplo: congesti\u00f3n, emisiones, consumo de energ\u00eda, etc.) al aumentar el uso o la tasa de penetraci\u00f3n de nuevos tipos de veh\u00edculo y el efecto combinado de estos.<\/p>\n<p class=\"rtecenter\"><a class=\"readmore\" href=\"#vehicleconcepts\">Read more<\/a>[\/column]<\/p>\n<\/div>\n<p>&nbsp;<\/p>\n<hr id=\"citypolicies\" \/>\n<div class=\"title3\">\n<h2 class=\"block-title rtecenter \">Pol\u00edticas y medidas de la ciudad<\/h2>\n<p>[column begin=\u00bb1&#8243; cols=\u00bb6&#8243;]<\/p>\n<h3>An\u00e1lisis de impacto en la ciudad<\/h3>\n<p>Estimaci\u00f3n y evaluaci\u00f3n cuantitativa del impacto de las estrategias de despliegue tanto de los conceptos de movilidad como de los nuevos tipos de veh\u00edculo y de las pol\u00edticas de movilidad para las ciudades, sobre los indicadores (KPIs) del transporte en la ciudad.<\/p>\n<p>An\u00e1lisis del impacto a nivel de ciudad: (por ejemplo: consumo de combustible, emisiones de di\u00f3xido de carbono (CO2) y \u00f3xido o di\u00f3xido de nitr\u00f3geno (NOx), etc.).<\/p>\n<p>An\u00e1lisis del impacto a nivel de calle: (por ejemplo: longitud de la cola en las intersecciones, nivel de servicio).<\/p>\n<p>Perspectiva de los usuarios\/conductores: (por ejemplo: tiempos de viaje y velocidad).[\/column][column end=\u00bb1&#8243; cols=\u00bb6&#8243;]<img loading=\"lazy\" decoding=\"async\" class=\" size-full wp-image-3402\" src=\"https:\/\/inlab.fib.upc.edu\/wp-content\/uploads\/2017\/03\/4-screenshot-barcelona_x600_2.jpg\" style=\"width: 600px; height: 406px;\" width=\"600\" height=\"406\" srcset=\"https:\/\/inlab.fib.upc.edu\/wp-content\/uploads\/2017\/03\/4-screenshot-barcelona_x600_2.jpg 600w, https:\/\/inlab.fib.upc.edu\/wp-content\/uploads\/2017\/03\/4-screenshot-barcelona_x600_2-300x203.jpg 300w, https:\/\/inlab.fib.upc.edu\/wp-content\/uploads\/2017\/03\/4-screenshot-barcelona_x600_2-370x250.jpg 370w\" sizes=\"(max-width: 600px) 100vw, 600px\" \/>[\/column]<\/p>\n<\/div>\n<p>&nbsp;<\/p>\n<hr id=\"mobilityconcepts\" \/>\n<div class=\"title3\">\n<h2 class=\"rtecenter block-title\">Conceptos de Movilidad<\/h2>\n<p>[column begin=\u00bb1&#8243; cols=\u00bb6&#8243;]<img loading=\"lazy\" decoding=\"async\" class=\" size-full wp-image-3405\" src=\"https:\/\/inlab.fib.upc.edu\/wp-content\/uploads\/2017\/03\/5-demanda_citeffect_x600.jpg\" style=\"width: 600px; height: 428px;\" width=\"600\" height=\"428\" srcset=\"https:\/\/inlab.fib.upc.edu\/wp-content\/uploads\/2017\/03\/5-demanda_citeffect_x600.jpg 600w, https:\/\/inlab.fib.upc.edu\/wp-content\/uploads\/2017\/03\/5-demanda_citeffect_x600-300x214.jpg 300w, https:\/\/inlab.fib.upc.edu\/wp-content\/uploads\/2017\/03\/5-demanda_citeffect_x600-370x264.jpg 370w\" sizes=\"(max-width: 600px) 100vw, 600px\" \/>[\/column][column end=\u00bb1&#8243; cols=\u00bb6&#8243;]<\/p>\n<h3>Patrones de movilidad<\/h3>\n<p>Visualizaci\u00f3n y an\u00e1lisis de los patrones de movilidad (or\u00edgenes y destinos de los viajes).<\/p>\n<p>Generaci\u00f3n (en un origen): n\u00famero de viajes que salen de una zona de transporte agrupados por tipo de veh\u00edculo e intervalo de tiempo.<\/p>\n<p>Atracci\u00f3n (en un destino): n\u00famero de viajes que llegan a una zona de transporte agrupados por tipo de veh\u00edculo e intervalo de tiempo.<\/p>\n<p>Viajes: veh\u00edculos que viajan entre pares de zonas origen y destino (pares OD).[\/column]<\/p>\n<\/div>\n<p>&nbsp;<\/p>\n<div>\n<p>[column begin=\u00bb1&#8243; cols=\u00bb6&#8243;]<\/p>\n<h3>Servicios de viajes compartidos (ride\/trip sharing)<\/h3>\n<p>Evaluaci\u00f3n del impacto, beneficios, limitaciones, par\u00e1metros de dise\u00f1o y nivel de servicio para compartir servicios, flotas comerciales y flotas p\u00fablicas.[\/column][column end=\u00bb1&#8243; cols=\u00bb6&#8243;]<img loading=\"lazy\" decoding=\"async\" class=\" size-full wp-image-3408\" src=\"https:\/\/inlab.fib.upc.edu\/wp-content\/uploads\/2017\/03\/6-screenshot-cocar_x600.jpg\" style=\"width: 600px; height: 379px;\" width=\"600\" height=\"379\" srcset=\"https:\/\/inlab.fib.upc.edu\/wp-content\/uploads\/2017\/03\/6-screenshot-cocar_x600.jpg 600w, https:\/\/inlab.fib.upc.edu\/wp-content\/uploads\/2017\/03\/6-screenshot-cocar_x600-300x190.jpg 300w, https:\/\/inlab.fib.upc.edu\/wp-content\/uploads\/2017\/03\/6-screenshot-cocar_x600-370x234.jpg 370w\" sizes=\"(max-width: 600px) 100vw, 600px\" \/>[\/column]<\/p>\n<\/div>\n<p>&nbsp;<\/p>\n<hr id=\"vehicleconcepts\" \/>\n<div class=\"title3\">\n<h2 class=\"rtecenter block-title\">Nuevos tipos de veh\u00edculo<\/h2>\n<p>[column begin=\u00bb1&#8243; cols=\u00bb6&#8243;]<img loading=\"lazy\" decoding=\"async\" class=\" size-full wp-image-3411\" src=\"https:\/\/inlab.fib.upc.edu\/wp-content\/uploads\/2017\/03\/7-screenshot-connectedcar_x600.jpg\" style=\"width: 600px; height: 380px;\" width=\"600\" height=\"380\" srcset=\"https:\/\/inlab.fib.upc.edu\/wp-content\/uploads\/2017\/03\/7-screenshot-connectedcar_x600.jpg 600w, https:\/\/inlab.fib.upc.edu\/wp-content\/uploads\/2017\/03\/7-screenshot-connectedcar_x600-300x190.jpg 300w, https:\/\/inlab.fib.upc.edu\/wp-content\/uploads\/2017\/03\/7-screenshot-connectedcar_x600-370x234.jpg 370w\" sizes=\"(max-width: 600px) 100vw, 600px\" \/>[\/column][column end=\u00bb1&#8243; cols=\u00bb6&#8243;]<\/p>\n<h3>Estrategias de Navegaci\u00f3n<\/h3>\n<p>Comparaci\u00f3n entre diferentes estrategias de navegaci\u00f3n aplicando algoritmos de rutas din\u00e1micas y analizando el impacto en diferentes grupos de usuarios (por ejemplo: turistas, usuarios est\u00e1ndar y conductores expertos como pueden ser los taxistas).. [\/column]<\/p>\n<\/div>\n<p>&nbsp;<\/p>\n<div>\n<p>[column begin=\u00bb1&#8243; cols=\u00bb6&#8243;]<\/p>\n<h3>Veh\u00edculos conectados<\/h3>\n<p>Estimaci\u00f3n del estado actual del tr\u00e1fico urbano basado en datos de veh\u00edculos conectados (utilizando datos que provienen de veh\u00edculos que soportan V2I y V2V) y evaluaci\u00f3n del impacto producido por un aumento del uso de estos datos en la ciudad.[\/column][column end=\u00bb1&#8243; cols=\u00bb6&#8243;]<img loading=\"lazy\" decoding=\"async\" class=\" size-full wp-image-3414\" src=\"https:\/\/inlab.fib.upc.edu\/wp-content\/uploads\/2017\/03\/8-screenshot-eixample_x600.jpg\" style=\"width: 600px; height: 380px;\" width=\"600\" height=\"380\" srcset=\"https:\/\/inlab.fib.upc.edu\/wp-content\/uploads\/2017\/03\/8-screenshot-eixample_x600.jpg 600w, https:\/\/inlab.fib.upc.edu\/wp-content\/uploads\/2017\/03\/8-screenshot-eixample_x600-300x190.jpg 300w, https:\/\/inlab.fib.upc.edu\/wp-content\/uploads\/2017\/03\/8-screenshot-eixample_x600-370x234.jpg 370w\" sizes=\"(max-width: 600px) 100vw, 600px\" \/>[\/column]<\/p>\n<\/div>\n<p>&nbsp;<\/p>\n<div>\n<p>[column begin=\u00bb1&#8243; cols=\u00bb6&#8243;]<img loading=\"lazy\" decoding=\"async\" class=\" size-full wp-image-3417\" src=\"https:\/\/inlab.fib.upc.edu\/wp-content\/uploads\/2017\/03\/9-screenshot-ev_x600.jpg\" width=\"600\" height=\"379\" srcset=\"https:\/\/inlab.fib.upc.edu\/wp-content\/uploads\/2017\/03\/9-screenshot-ev_x600.jpg 600w, https:\/\/inlab.fib.upc.edu\/wp-content\/uploads\/2017\/03\/9-screenshot-ev_x600-300x190.jpg 300w, https:\/\/inlab.fib.upc.edu\/wp-content\/uploads\/2017\/03\/9-screenshot-ev_x600-370x234.jpg 370w\" sizes=\"(max-width: 600px) 100vw, 600px\" \/>[\/column][column end=\u00bb1&#8243; cols=\u00bb6&#8243;]<\/p>\n<h3>Veh\u00edculos el\u00e9ctricos, bicicletas el\u00e9ctricas, veh\u00edculos de \u00faltimo kil\u00f3metro (last-mile), &#8230;<\/h3>\n<p>Emulaci\u00f3n de diferentes tipos de veh\u00edculos (por ejemplo: veh\u00edculos el\u00e9ctricos, veh\u00edculos ligeros que se utilizar\u00e1n para distancias cortas despu\u00e9s del estacionamiento como transporte de \u00faltimo quil\u00f3metro o last-mile) para evaluar los niveles de mejora de las emisiones y los comportamientos en la conducci\u00f3n.[\/column]<\/p>\n<\/div>\n","protected":false},"excerpt":{"rendered":"<p>Herramientas y servicios para el an\u00e1lisis y la evaluaci\u00f3n de nuevos conceptos de movilidad, nuevos tipos de veh\u00edculo y pol\u00edticas para la ciudad.<\/p>\n","protected":false},"author":594,"featured_media":3393,"parent":0,"menu_order":0,"comment_status":"closed","ping_status":"closed","template":"","meta":{"_acf_changed":false,"footnotes":""},"class_list":["post-3420","page","type-page","status-publish","has-post-thumbnail","hentry"],"acf":[],"_links":{"self":[{"href":"https:\/\/inlab.fib.upc.edu\/es\/wp-json\/wp\/v2\/pages\/3420","targetHints":{"allow":["GET"]}}],"collection":[{"href":"https:\/\/inlab.fib.upc.edu\/es\/wp-json\/wp\/v2\/pages"}],"about":[{"href":"https:\/\/inlab.fib.upc.edu\/es\/wp-json\/wp\/v2\/types\/page"}],"author":[{"embeddable":true,"href":"https:\/\/inlab.fib.upc.edu\/es\/wp-json\/wp\/v2\/users\/594"}],"replies":[{"embeddable":true,"href":"https:\/\/inlab.fib.upc.edu\/es\/wp-json\/wp\/v2\/comments?post=3420"}],"version-history":[{"count":0,"href":"https:\/\/inlab.fib.upc.edu\/es\/wp-json\/wp\/v2\/pages\/3420\/revisions"}],"wp:featuredmedia":[{"embeddable":true,"href":"https:\/\/inlab.fib.upc.edu\/es\/wp-json\/wp\/v2\/media\/3393"}],"wp:attachment":[{"href":"https:\/\/inlab.fib.upc.edu\/es\/wp-json\/wp\/v2\/media?parent=3420"}],"curies":[{"name":"wp","href":"https:\/\/api.w.org\/{rel}","templated":true}]}}