{"id":3334,"date":"2013-12-17T15:57:41","date_gmt":"2013-12-17T14:57:41","guid":{"rendered":"https:\/\/inlab.fib.upc.edu\/?page_id=3334"},"modified":"2024-01-26T13:32:14","modified_gmt":"2024-01-26T12:32:14","slug":"acreditaciones-cursos-de-seguridad","status":"publish","type":"page","link":"https:\/\/inlab.fib.upc.edu\/es\/soluciones\/cursos\/acreditaciones-cursos-de-seguridad","title":{"rendered":"Acreditaciones cursos de seguridad"},"content":{"rendered":"<h2>Acreditaciones seg\u00fan la arquitectura<\/h2>\n<ul>\n<li><strong>Critical Infrastructure Security Manager Accreditation<\/strong><\/li>\n<\/ul>\n<p class=\"rteindent1\">Se formar\u00e1 el alumno en posibles amenazas y la necesaria gesti\u00f3n de seguridad sobre entornos estrat\u00e9gicos tanto desde el punto de respuesta a incidentes como de comprobaci\u00f3n vulnerabilidades y motorizaci\u00f3n de posibles alertas.<\/p>\n<ul>\n<li><strong>Mobile Security Manager Accreditation<\/strong><\/li>\n<\/ul>\n<p class=\"rteindent1\">Los dispositivos m\u00f3viles y ubicuos son una de las bases de comunicaciones y almacenamiento de la mayor\u00eda de entidades. El conocimiento de la seguridad relacionado estos dispositivos ( m\u00f3viles , sensores , RFID , etc ) permitir\u00e1 minimizar amenazas relacionadas con malware , deficiente configuraci\u00f3n o actualizaci\u00f3n y disponer de las herramientas para reacciones ante nuevos ataques.<\/p>\n<ul>\n<li><strong>Network Security Manager Accreditation<\/strong><\/li>\n<\/ul>\n<p class=\"rteindent1\">Esta Acreditaci\u00f3n aporta al alumno los conocimientos necesarios para gestionar correctamente la seguridad de la informaci\u00f3n de redes de usuarios y servidores aplicando las pol\u00edticas m\u00e1s apropiadas en cada caso y conociendo los procesos de monitorizaci\u00f3n y respuesta que m\u00e1s convienen seg\u00fan los diferentes riesgos.<\/p>\n<h2>Acreditaciones seg\u00fan el ciclo de seguridad<\/h2>\n<ul>\n<li><strong>Senior Monitoring Accreditation<\/strong><\/li>\n<\/ul>\n<p class=\"rteindent1\">La correcta monitorizaci\u00f3n y correlaci\u00f3n de acontecimientos de seguridad permite un aumento de la de actualizaciones de seguridad y la reducci\u00f3n de recursos necesarios para detectar amenazas. Durante los diferentes cursos que componen esta acreditaci\u00f3n se explorar\u00e1n diferentes metodolog\u00edas aplicadas en redes cableadas, inal\u00e1mbrica y sistemas ubicuos.<\/p>\n<ul>\n<li><strong>Senior Auditing Accreditation<\/strong><\/li>\n<\/ul>\n<p class=\"rteindent1\">El conocimiento de las metodolog\u00edas de auditor\u00eda sobre los diferentes dispositivos de la red permiten comprobar si las medidas de protecci\u00f3n plantadas son v\u00e1lidas y ayudan a detectar los riesgos asociados.<\/p>\n<ul>\n<li><strong>Senior Forensics Accreditation<\/strong><\/li>\n<\/ul>\n<p class=\"rteindent1\">Durante los cursos que comprenden esta acreditaci\u00f3n se capacitar\u00e1 los estudiantes en los diferentes aspectos del an\u00e1lisis forense de dispositivos y malware que puedan encontrarse en los diferentes entornos de trabajo existentes: desde ordenadores de sobremesa centras hasta las Human Machine Interfaces ( HMI ) presentes en infraestructuras cr\u00edticas.<\/p>\n","protected":false},"excerpt":{"rendered":"<p>Acreditaciones seg\u00fan la arquitectura Critical Infrastructure Security Manager Accreditation Se formar\u00e1 el alumno en posibles amenazas y la necesaria gesti\u00f3n de seguridad sobre entornos estrat\u00e9gicos tanto desde el punto de respuesta a incidentes como de comprobaci\u00f3n vulnerabilidades y motorizaci\u00f3n de posibles alertas. Mobile Security Manager Accreditation Los dispositivos m\u00f3viles y ubicuos son una de las [&hellip;]<\/p>\n","protected":false},"author":594,"featured_media":0,"parent":3333,"menu_order":0,"comment_status":"closed","ping_status":"closed","template":"","meta":{"_acf_changed":false,"footnotes":""},"class_list":["post-3334","page","type-page","status-publish","hentry"],"acf":[],"_links":{"self":[{"href":"https:\/\/inlab.fib.upc.edu\/es\/wp-json\/wp\/v2\/pages\/3334","targetHints":{"allow":["GET"]}}],"collection":[{"href":"https:\/\/inlab.fib.upc.edu\/es\/wp-json\/wp\/v2\/pages"}],"about":[{"href":"https:\/\/inlab.fib.upc.edu\/es\/wp-json\/wp\/v2\/types\/page"}],"author":[{"embeddable":true,"href":"https:\/\/inlab.fib.upc.edu\/es\/wp-json\/wp\/v2\/users\/594"}],"replies":[{"embeddable":true,"href":"https:\/\/inlab.fib.upc.edu\/es\/wp-json\/wp\/v2\/comments?post=3334"}],"version-history":[{"count":1,"href":"https:\/\/inlab.fib.upc.edu\/es\/wp-json\/wp\/v2\/pages\/3334\/revisions"}],"predecessor-version":[{"id":27967,"href":"https:\/\/inlab.fib.upc.edu\/es\/wp-json\/wp\/v2\/pages\/3334\/revisions\/27967"}],"up":[{"embeddable":true,"href":"https:\/\/inlab.fib.upc.edu\/es\/wp-json\/wp\/v2\/pages\/3333"}],"wp:attachment":[{"href":"https:\/\/inlab.fib.upc.edu\/es\/wp-json\/wp\/v2\/media?parent=3334"}],"curies":[{"name":"wp","href":"https:\/\/api.w.org\/{rel}","templated":true}]}}