{"id":27983,"date":"2023-07-24T17:09:36","date_gmt":"2023-07-24T15:09:36","guid":{"rendered":"https:\/\/inlab.fib.upc.edu\/videos-inlab-fib\/"},"modified":"2024-01-29T09:48:44","modified_gmt":"2024-01-29T08:48:44","slug":"videos-inlab-fib","status":"publish","type":"page","link":"https:\/\/inlab.fib.upc.edu\/es\/videos-inlab-fib","title":{"rendered":"Videos inLab FIB"},"content":{"rendered":"\t\t<div data-elementor-type=\"wp-page\" data-elementor-id=\"27983\" class=\"elementor elementor-27983 elementor-23785\" data-elementor-post-type=\"page\">\n\t\t\t\t\t\t<section class=\"elementor-section elementor-top-section elementor-element elementor-element-ab39281 elementor-section-boxed elementor-section-height-default elementor-section-height-default exad-glass-effect-no exad-sticky-section-no\" data-id=\"ab39281\" data-element_type=\"section\" data-e-type=\"section\">\n\t\t\t\t\t\t<div class=\"elementor-container elementor-column-gap-default\">\n\t\t\t\t\t<div class=\"elementor-column elementor-col-100 elementor-top-column elementor-element elementor-element-fa36a04 exad-glass-effect-no exad-sticky-section-no\" data-id=\"fa36a04\" data-element_type=\"column\" data-e-type=\"column\">\n\t\t\t<div class=\"elementor-widget-wrap elementor-element-populated\">\n\t\t\t\t\t\t<div class=\"elementor-element elementor-element-e8195db exad-sticky-section-no exad-glass-effect-no elementor-widget elementor-widget-spacer\" data-id=\"e8195db\" data-element_type=\"widget\" data-e-type=\"widget\" data-widget_type=\"spacer.default\">\n\t\t\t\t<div class=\"elementor-widget-container\">\n\t\t\t\t\t\t\t<div class=\"elementor-spacer\">\n\t\t\t<div class=\"elementor-spacer-inner\"><\/div>\n\t\t<\/div>\n\t\t\t\t\t\t<\/div>\n\t\t\t\t<\/div>\n\t\t\t\t<div class=\"elementor-element elementor-element-ce3105f exad-sticky-section-no exad-glass-effect-no elementor-widget elementor-widget-heading\" data-id=\"ce3105f\" data-element_type=\"widget\" data-e-type=\"widget\" data-widget_type=\"heading.default\">\n\t\t\t\t<div class=\"elementor-widget-container\">\n\t\t\t\t\t<h2 class=\"elementor-heading-title elementor-size-default\">Videos inLab FIB<\/h2>\t\t\t\t<\/div>\n\t\t\t\t<\/div>\n\t\t\t\t<section class=\"elementor-section elementor-inner-section elementor-element elementor-element-3dff2bd elementor-section-boxed elementor-section-height-default elementor-section-height-default exad-glass-effect-no exad-sticky-section-no\" data-id=\"3dff2bd\" data-element_type=\"section\" data-e-type=\"section\">\n\t\t\t\t\t\t<div class=\"elementor-container elementor-column-gap-default\">\n\t\t\t\t\t<div class=\"elementor-column elementor-col-50 elementor-inner-column elementor-element elementor-element-8ecaae8 exad-glass-effect-no exad-sticky-section-no\" data-id=\"8ecaae8\" data-element_type=\"column\" data-e-type=\"column\">\n\t\t\t<div class=\"elementor-widget-wrap elementor-element-populated\">\n\t\t\t\t\t\t<div class=\"elementor-element elementor-element-3f37b98 elementor-nav-menu--dropdown-tablet elementor-nav-menu__text-align-aside elementor-nav-menu--toggle elementor-nav-menu--burger exad-sticky-section-no exad-glass-effect-no elementor-widget elementor-widget-nav-menu\" data-id=\"3f37b98\" data-element_type=\"widget\" data-e-type=\"widget\" data-settings=\"{&quot;layout&quot;:&quot;vertical&quot;,&quot;submenu_icon&quot;:{&quot;value&quot;:&quot;&lt;svg aria-hidden=\\&quot;true\\&quot; class=\\&quot;e-font-icon-svg e-fas-caret-down\\&quot; viewBox=\\&quot;0 0 320 512\\&quot; xmlns=\\&quot;http:\\\/\\\/www.w3.org\\\/2000\\\/svg\\&quot;&gt;&lt;path d=\\&quot;M31.3 192h257.3c17.8 0 26.7 21.5 14.1 34.1L174.1 354.8c-7.8 7.8-20.5 7.8-28.3 0L17.2 226.1C4.6 213.5 13.5 192 31.3 192z\\&quot;&gt;&lt;\\\/path&gt;&lt;\\\/svg&gt;&quot;,&quot;library&quot;:&quot;fa-solid&quot;},&quot;toggle&quot;:&quot;burger&quot;}\" data-widget_type=\"nav-menu.default\">\n\t\t\t\t<div class=\"elementor-widget-container\">\n\t\t\t\t\t\t\t\t<nav aria-label=\"Men\u00fa\" class=\"elementor-nav-menu--main elementor-nav-menu__container elementor-nav-menu--layout-vertical e--pointer-underline e--animation-fade\">\n\t\t\t\t<ul id=\"menu-1-3f37b98\" class=\"elementor-nav-menu sm-vertical\"><li class=\"menu-item menu-item-type-custom menu-item-object-custom menu-item-23766\"><a href=\"\/wp-admin\/profile.php\" class=\"elementor-item\">El meu compte<\/a><\/li>\n<li class=\"menu-item menu-item-type-post_type menu-item-object-page menu-item-23779\"><a href=\"https:\/\/inlab.fib.upc.edu\/intranet\/butlletins\" class=\"elementor-item\">Boletines<\/a><\/li>\n<li class=\"menu-item menu-item-type-post_type menu-item-object-page menu-item-7516\"><a href=\"https:\/\/inlab.fib.upc.edu\/intranet\/formacio-interna\" class=\"elementor-item\">Formaci\u00f3n interna<\/a><\/li>\n<li class=\"menu-item menu-item-type-post_type menu-item-object-page menu-item-23793\"><a href=\"https:\/\/inlab.fib.upc.edu\/videos-inlab-fib\" class=\"elementor-item\">Videos inLab FIB<\/a><\/li>\n<li class=\"menu-item menu-item-type-post_type menu-item-object-page menu-item-23805\"><a href=\"https:\/\/inlab.fib.upc.edu\/eines-i-recursos\" class=\"elementor-item\">Herramientas y Recursos<\/a><\/li>\n<li class=\"menu-item menu-item-type-post_type menu-item-object-page menu-item-23806\"><a href=\"https:\/\/inlab.fib.upc.edu\/intranet\/documentacio-nous-becaris\" class=\"elementor-item\">Documentaci\u00f3n para nuevos becarios<\/a><\/li>\n<li class=\"menu-item menu-item-type-post_type menu-item-object-page menu-item-7481\"><a href=\"https:\/\/inlab.fib.upc.edu\/intranet\/llistes-de-correu\" class=\"elementor-item\">Listas de correo<\/a><\/li>\n<li class=\"menu-item menu-item-type-post_type menu-item-object-page menu-item-23830\"><a href=\"https:\/\/inlab.fib.upc.edu\/intranet\/llistat-ex-inlabers\" class=\"elementor-item\">Listado ex-inlabers<\/a><\/li>\n<li class=\"menu-item menu-item-type-post_type menu-item-object-page menu-item-23821\"><a href=\"https:\/\/inlab.fib.upc.edu\/intranet\/vistes-utils\" class=\"elementor-item\">Herramientas \u00fatiles<\/a><\/li>\n<\/ul>\t\t\t<\/nav>\n\t\t\t\t\t<div class=\"elementor-menu-toggle\" role=\"button\" tabindex=\"0\" aria-label=\"Alternar men\u00fa\" aria-expanded=\"false\">\n\t\t\t<svg aria-hidden=\"true\" role=\"presentation\" class=\"elementor-menu-toggle__icon--open e-font-icon-svg e-eicon-menu-bar\" viewBox=\"0 0 1000 1000\" xmlns=\"http:\/\/www.w3.org\/2000\/svg\"><path d=\"M104 333H896C929 333 958 304 958 271S929 208 896 208H104C71 208 42 237 42 271S71 333 104 333ZM104 583H896C929 583 958 554 958 521S929 458 896 458H104C71 458 42 487 42 521S71 583 104 583ZM104 833H896C929 833 958 804 958 771S929 708 896 708H104C71 708 42 737 42 771S71 833 104 833Z\"><\/path><\/svg><svg aria-hidden=\"true\" role=\"presentation\" class=\"elementor-menu-toggle__icon--close e-font-icon-svg e-eicon-close\" viewBox=\"0 0 1000 1000\" xmlns=\"http:\/\/www.w3.org\/2000\/svg\"><path d=\"M742 167L500 408 258 167C246 154 233 150 217 150 196 150 179 158 167 167 154 179 150 196 150 212 150 229 154 242 171 254L408 500 167 742C138 771 138 800 167 829 196 858 225 858 254 829L496 587 738 829C750 842 767 846 783 846 800 846 817 842 829 829 842 817 846 804 846 783 846 767 842 750 829 737L588 500 833 258C863 229 863 200 833 171 804 137 775 137 742 167Z\"><\/path><\/svg>\t\t<\/div>\n\t\t\t\t\t<nav class=\"elementor-nav-menu--dropdown elementor-nav-menu__container\" aria-hidden=\"true\">\n\t\t\t\t<ul id=\"menu-2-3f37b98\" class=\"elementor-nav-menu sm-vertical\"><li class=\"menu-item menu-item-type-custom menu-item-object-custom menu-item-23766\"><a href=\"\/wp-admin\/profile.php\" class=\"elementor-item\" tabindex=\"-1\">El meu compte<\/a><\/li>\n<li class=\"menu-item menu-item-type-post_type menu-item-object-page menu-item-23779\"><a href=\"https:\/\/inlab.fib.upc.edu\/intranet\/butlletins\" class=\"elementor-item\" tabindex=\"-1\">Boletines<\/a><\/li>\n<li class=\"menu-item menu-item-type-post_type menu-item-object-page menu-item-7516\"><a href=\"https:\/\/inlab.fib.upc.edu\/intranet\/formacio-interna\" class=\"elementor-item\" tabindex=\"-1\">Formaci\u00f3n interna<\/a><\/li>\n<li class=\"menu-item menu-item-type-post_type menu-item-object-page menu-item-23793\"><a href=\"https:\/\/inlab.fib.upc.edu\/videos-inlab-fib\" class=\"elementor-item\" tabindex=\"-1\">Videos inLab FIB<\/a><\/li>\n<li class=\"menu-item menu-item-type-post_type menu-item-object-page menu-item-23805\"><a href=\"https:\/\/inlab.fib.upc.edu\/eines-i-recursos\" class=\"elementor-item\" tabindex=\"-1\">Herramientas y Recursos<\/a><\/li>\n<li class=\"menu-item menu-item-type-post_type menu-item-object-page menu-item-23806\"><a href=\"https:\/\/inlab.fib.upc.edu\/intranet\/documentacio-nous-becaris\" class=\"elementor-item\" tabindex=\"-1\">Documentaci\u00f3n para nuevos becarios<\/a><\/li>\n<li class=\"menu-item menu-item-type-post_type menu-item-object-page menu-item-7481\"><a href=\"https:\/\/inlab.fib.upc.edu\/intranet\/llistes-de-correu\" class=\"elementor-item\" tabindex=\"-1\">Listas de correo<\/a><\/li>\n<li class=\"menu-item menu-item-type-post_type menu-item-object-page menu-item-23830\"><a href=\"https:\/\/inlab.fib.upc.edu\/intranet\/llistat-ex-inlabers\" class=\"elementor-item\" tabindex=\"-1\">Listado ex-inlabers<\/a><\/li>\n<li class=\"menu-item menu-item-type-post_type menu-item-object-page menu-item-23821\"><a href=\"https:\/\/inlab.fib.upc.edu\/intranet\/vistes-utils\" class=\"elementor-item\" tabindex=\"-1\">Herramientas \u00fatiles<\/a><\/li>\n<\/ul>\t\t\t<\/nav>\n\t\t\t\t\t\t<\/div>\n\t\t\t\t<\/div>\n\t\t\t\t\t<\/div>\n\t\t<\/div>\n\t\t\t\t<div class=\"elementor-column elementor-col-50 elementor-inner-column elementor-element elementor-element-65ba74a exad-glass-effect-no exad-sticky-section-no\" data-id=\"65ba74a\" data-element_type=\"column\" data-e-type=\"column\">\n\t\t\t<div class=\"elementor-widget-wrap elementor-element-populated\">\n\t\t\t\t\t\t<div class=\"elementor-element elementor-element-7d69040 exad-sticky-section-no exad-glass-effect-no elementor-widget elementor-widget-text-editor\" data-id=\"7d69040\" data-element_type=\"widget\" data-e-type=\"widget\" data-widget_type=\"text-editor.default\">\n\t\t\t\t<div class=\"elementor-widget-container\">\n\t\t\t\t\t\t\t\t\t<p>En esta p\u00e1gina puedes encontrar algunos videos del inLab adem\u00e1s de nuestro canal de YouTube donde tenemos publicados tutoriales y videos de algunos proyectos o campa\u00f1as muy interesantes que hemos llevado a cabo. No te los pierdas!<\/p>\n\t\t\t\t\t\t\t\t<\/div>\n\t\t\t\t<\/div>\n\t\t\t\t<div class=\"elementor-element elementor-element-0a51d27 elementor-view-default exad-sticky-section-no exad-glass-effect-no elementor-widget elementor-widget-icon\" data-id=\"0a51d27\" data-element_type=\"widget\" data-e-type=\"widget\" data-widget_type=\"icon.default\">\n\t\t\t\t<div class=\"elementor-widget-container\">\n\t\t\t\t\t\t\t<div class=\"elementor-icon-wrapper\">\n\t\t\t<a class=\"elementor-icon\" href=\"https:\/\/www.youtube.com\/user\/inlabfib\">\n\t\t\t<svg aria-hidden=\"true\" class=\"e-font-icon-svg e-fab-youtube\" viewBox=\"0 0 576 512\" xmlns=\"http:\/\/www.w3.org\/2000\/svg\"><path d=\"M549.655 124.083c-6.281-23.65-24.787-42.276-48.284-48.597C458.781 64 288 64 288 64S117.22 64 74.629 75.486c-23.497 6.322-42.003 24.947-48.284 48.597-11.412 42.867-11.412 132.305-11.412 132.305s0 89.438 11.412 132.305c6.281 23.65 24.787 41.5 48.284 47.821C117.22 448 288 448 288 448s170.78 0 213.371-11.486c23.497-6.321 42.003-24.171 48.284-47.821 11.412-42.867 11.412-132.305 11.412-132.305s0-89.438-11.412-132.305zm-317.51 213.508V175.185l142.739 81.205-142.739 81.201z\"><\/path><\/svg>\t\t\t<\/a>\n\t\t<\/div>\n\t\t\t\t\t\t<\/div>\n\t\t\t\t<\/div>\n\t\t\t\t\t<\/div>\n\t\t<\/div>\n\t\t\t\t\t<\/div>\n\t\t<\/section>\n\t\t\t\t\t<\/div>\n\t\t<\/div>\n\t\t\t\t\t<\/div>\n\t\t<\/section>\n\t\t\t\t<\/div>\n\t\t","protected":false},"excerpt":{"rendered":"<p>Videos inLab FIB En esta p\u00e1gina puedes encontrar algunos videos del inLab adem\u00e1s de nuestro canal de YouTube donde tenemos publicados tutoriales y videos de algunos proyectos o campa\u00f1as muy interesantes que hemos llevado a cabo. No te los pierdas!<\/p>\n","protected":false},"author":594,"featured_media":0,"parent":0,"menu_order":0,"comment_status":"closed","ping_status":"closed","template":"","meta":{"_acf_changed":false,"footnotes":""},"class_list":["post-27983","page","type-page","status-publish","hentry"],"acf":[],"_links":{"self":[{"href":"https:\/\/inlab.fib.upc.edu\/es\/wp-json\/wp\/v2\/pages\/27983","targetHints":{"allow":["GET"]}}],"collection":[{"href":"https:\/\/inlab.fib.upc.edu\/es\/wp-json\/wp\/v2\/pages"}],"about":[{"href":"https:\/\/inlab.fib.upc.edu\/es\/wp-json\/wp\/v2\/types\/page"}],"author":[{"embeddable":true,"href":"https:\/\/inlab.fib.upc.edu\/es\/wp-json\/wp\/v2\/users\/594"}],"replies":[{"embeddable":true,"href":"https:\/\/inlab.fib.upc.edu\/es\/wp-json\/wp\/v2\/comments?post=27983"}],"version-history":[{"count":1,"href":"https:\/\/inlab.fib.upc.edu\/es\/wp-json\/wp\/v2\/pages\/27983\/revisions"}],"predecessor-version":[{"id":27987,"href":"https:\/\/inlab.fib.upc.edu\/es\/wp-json\/wp\/v2\/pages\/27983\/revisions\/27987"}],"wp:attachment":[{"href":"https:\/\/inlab.fib.upc.edu\/es\/wp-json\/wp\/v2\/media?parent=27983"}],"curies":[{"name":"wp","href":"https:\/\/api.w.org\/{rel}","templated":true}]}}