{"id":27973,"date":"2023-07-24T17:14:59","date_gmt":"2023-07-24T15:14:59","guid":{"rendered":"https:\/\/inlab.fib.upc.edu\/herramientas-y-recursos\/"},"modified":"2024-01-26T13:59:18","modified_gmt":"2024-01-26T12:59:18","slug":"herramientas-y-recursos","status":"publish","type":"page","link":"https:\/\/inlab.fib.upc.edu\/es\/herramientas-y-recursos","title":{"rendered":"Herramientas y Recursos"},"content":{"rendered":"\t\t<div data-elementor-type=\"wp-page\" data-elementor-id=\"27973\" class=\"elementor elementor-27973 elementor-23797\" data-elementor-post-type=\"page\">\n\t\t\t\t\t\t<section class=\"elementor-section elementor-top-section elementor-element elementor-element-1ca11cf elementor-section-boxed elementor-section-height-default elementor-section-height-default exad-glass-effect-no exad-sticky-section-no\" data-id=\"1ca11cf\" data-element_type=\"section\" data-e-type=\"section\">\n\t\t\t\t\t\t<div class=\"elementor-container elementor-column-gap-default\">\n\t\t\t\t\t<div class=\"elementor-column elementor-col-100 elementor-top-column elementor-element elementor-element-8da22cf exad-glass-effect-no exad-sticky-section-no\" data-id=\"8da22cf\" data-element_type=\"column\" data-e-type=\"column\">\n\t\t\t<div class=\"elementor-widget-wrap elementor-element-populated\">\n\t\t\t\t\t\t<div class=\"elementor-element elementor-element-45d490d exad-sticky-section-no exad-glass-effect-no elementor-widget elementor-widget-spacer\" data-id=\"45d490d\" data-element_type=\"widget\" data-e-type=\"widget\" data-widget_type=\"spacer.default\">\n\t\t\t\t<div class=\"elementor-widget-container\">\n\t\t\t\t\t\t\t<div class=\"elementor-spacer\">\n\t\t\t<div class=\"elementor-spacer-inner\"><\/div>\n\t\t<\/div>\n\t\t\t\t\t\t<\/div>\n\t\t\t\t<\/div>\n\t\t\t\t<div class=\"elementor-element elementor-element-8555a75 exad-sticky-section-no exad-glass-effect-no elementor-widget elementor-widget-heading\" data-id=\"8555a75\" data-element_type=\"widget\" data-e-type=\"widget\" data-widget_type=\"heading.default\">\n\t\t\t\t<div class=\"elementor-widget-container\">\n\t\t\t\t\t<h2 class=\"elementor-heading-title elementor-size-default\">Herramientas y Recursos<\/h2>\t\t\t\t<\/div>\n\t\t\t\t<\/div>\n\t\t\t\t<section class=\"elementor-section elementor-inner-section elementor-element elementor-element-ec7e618 elementor-section-boxed elementor-section-height-default elementor-section-height-default exad-glass-effect-no exad-sticky-section-no\" data-id=\"ec7e618\" data-element_type=\"section\" data-e-type=\"section\">\n\t\t\t\t\t\t<div class=\"elementor-container elementor-column-gap-default\">\n\t\t\t\t\t<div class=\"elementor-column elementor-col-50 elementor-inner-column elementor-element elementor-element-792129f exad-glass-effect-no exad-sticky-section-no\" data-id=\"792129f\" data-element_type=\"column\" data-e-type=\"column\">\n\t\t\t<div class=\"elementor-widget-wrap elementor-element-populated\">\n\t\t\t\t\t\t<div class=\"elementor-element elementor-element-311dff7 elementor-nav-menu--dropdown-tablet elementor-nav-menu__text-align-aside elementor-nav-menu--toggle elementor-nav-menu--burger exad-sticky-section-no exad-glass-effect-no elementor-widget elementor-widget-nav-menu\" data-id=\"311dff7\" data-element_type=\"widget\" data-e-type=\"widget\" data-settings=\"{&quot;layout&quot;:&quot;vertical&quot;,&quot;submenu_icon&quot;:{&quot;value&quot;:&quot;&lt;svg aria-hidden=\\&quot;true\\&quot; class=\\&quot;e-font-icon-svg e-fas-caret-down\\&quot; viewBox=\\&quot;0 0 320 512\\&quot; xmlns=\\&quot;http:\\\/\\\/www.w3.org\\\/2000\\\/svg\\&quot;&gt;&lt;path d=\\&quot;M31.3 192h257.3c17.8 0 26.7 21.5 14.1 34.1L174.1 354.8c-7.8 7.8-20.5 7.8-28.3 0L17.2 226.1C4.6 213.5 13.5 192 31.3 192z\\&quot;&gt;&lt;\\\/path&gt;&lt;\\\/svg&gt;&quot;,&quot;library&quot;:&quot;fa-solid&quot;},&quot;toggle&quot;:&quot;burger&quot;}\" data-widget_type=\"nav-menu.default\">\n\t\t\t\t<div class=\"elementor-widget-container\">\n\t\t\t\t\t\t\t\t<nav aria-label=\"Men\u00fa\" class=\"elementor-nav-menu--main elementor-nav-menu__container elementor-nav-menu--layout-vertical e--pointer-underline e--animation-fade\">\n\t\t\t\t<ul id=\"menu-1-311dff7\" class=\"elementor-nav-menu sm-vertical\"><li class=\"menu-item menu-item-type-custom menu-item-object-custom menu-item-23766\"><a href=\"\/wp-admin\/profile.php\" class=\"elementor-item\">El meu compte<\/a><\/li>\n<li class=\"menu-item menu-item-type-post_type menu-item-object-page menu-item-23779\"><a href=\"https:\/\/inlab.fib.upc.edu\/intranet\/butlletins\" class=\"elementor-item\">Boletines<\/a><\/li>\n<li class=\"menu-item menu-item-type-post_type menu-item-object-page menu-item-7516\"><a href=\"https:\/\/inlab.fib.upc.edu\/intranet\/formacio-interna\" class=\"elementor-item\">Formaci\u00f3n interna<\/a><\/li>\n<li class=\"menu-item menu-item-type-post_type menu-item-object-page menu-item-23793\"><a href=\"https:\/\/inlab.fib.upc.edu\/videos-inlab-fib\" class=\"elementor-item\">Videos inLab FIB<\/a><\/li>\n<li class=\"menu-item menu-item-type-post_type menu-item-object-page menu-item-23805\"><a href=\"https:\/\/inlab.fib.upc.edu\/eines-i-recursos\" class=\"elementor-item\">Herramientas y Recursos<\/a><\/li>\n<li class=\"menu-item menu-item-type-post_type menu-item-object-page menu-item-23806\"><a href=\"https:\/\/inlab.fib.upc.edu\/intranet\/documentacio-nous-becaris\" class=\"elementor-item\">Documentaci\u00f3n para nuevos becarios<\/a><\/li>\n<li class=\"menu-item menu-item-type-post_type menu-item-object-page menu-item-7481\"><a href=\"https:\/\/inlab.fib.upc.edu\/intranet\/llistes-de-correu\" class=\"elementor-item\">Listas de correo<\/a><\/li>\n<li class=\"menu-item menu-item-type-post_type menu-item-object-page menu-item-23830\"><a href=\"https:\/\/inlab.fib.upc.edu\/intranet\/llistat-ex-inlabers\" class=\"elementor-item\">Listado ex-inlabers<\/a><\/li>\n<li class=\"menu-item menu-item-type-post_type menu-item-object-page menu-item-23821\"><a href=\"https:\/\/inlab.fib.upc.edu\/intranet\/vistes-utils\" class=\"elementor-item\">Herramientas \u00fatiles<\/a><\/li>\n<\/ul>\t\t\t<\/nav>\n\t\t\t\t\t<div class=\"elementor-menu-toggle\" role=\"button\" tabindex=\"0\" aria-label=\"Alternar men\u00fa\" aria-expanded=\"false\">\n\t\t\t<svg aria-hidden=\"true\" role=\"presentation\" class=\"elementor-menu-toggle__icon--open e-font-icon-svg e-eicon-menu-bar\" viewBox=\"0 0 1000 1000\" xmlns=\"http:\/\/www.w3.org\/2000\/svg\"><path d=\"M104 333H896C929 333 958 304 958 271S929 208 896 208H104C71 208 42 237 42 271S71 333 104 333ZM104 583H896C929 583 958 554 958 521S929 458 896 458H104C71 458 42 487 42 521S71 583 104 583ZM104 833H896C929 833 958 804 958 771S929 708 896 708H104C71 708 42 737 42 771S71 833 104 833Z\"><\/path><\/svg><svg aria-hidden=\"true\" role=\"presentation\" class=\"elementor-menu-toggle__icon--close e-font-icon-svg e-eicon-close\" viewBox=\"0 0 1000 1000\" xmlns=\"http:\/\/www.w3.org\/2000\/svg\"><path d=\"M742 167L500 408 258 167C246 154 233 150 217 150 196 150 179 158 167 167 154 179 150 196 150 212 150 229 154 242 171 254L408 500 167 742C138 771 138 800 167 829 196 858 225 858 254 829L496 587 738 829C750 842 767 846 783 846 800 846 817 842 829 829 842 817 846 804 846 783 846 767 842 750 829 737L588 500 833 258C863 229 863 200 833 171 804 137 775 137 742 167Z\"><\/path><\/svg>\t\t<\/div>\n\t\t\t\t\t<nav class=\"elementor-nav-menu--dropdown elementor-nav-menu__container\" aria-hidden=\"true\">\n\t\t\t\t<ul id=\"menu-2-311dff7\" class=\"elementor-nav-menu sm-vertical\"><li class=\"menu-item menu-item-type-custom menu-item-object-custom menu-item-23766\"><a href=\"\/wp-admin\/profile.php\" class=\"elementor-item\" tabindex=\"-1\">El meu compte<\/a><\/li>\n<li class=\"menu-item menu-item-type-post_type menu-item-object-page menu-item-23779\"><a href=\"https:\/\/inlab.fib.upc.edu\/intranet\/butlletins\" class=\"elementor-item\" tabindex=\"-1\">Boletines<\/a><\/li>\n<li class=\"menu-item menu-item-type-post_type menu-item-object-page menu-item-7516\"><a href=\"https:\/\/inlab.fib.upc.edu\/intranet\/formacio-interna\" class=\"elementor-item\" tabindex=\"-1\">Formaci\u00f3n interna<\/a><\/li>\n<li class=\"menu-item menu-item-type-post_type menu-item-object-page menu-item-23793\"><a href=\"https:\/\/inlab.fib.upc.edu\/videos-inlab-fib\" class=\"elementor-item\" tabindex=\"-1\">Videos inLab FIB<\/a><\/li>\n<li class=\"menu-item menu-item-type-post_type menu-item-object-page menu-item-23805\"><a href=\"https:\/\/inlab.fib.upc.edu\/eines-i-recursos\" class=\"elementor-item\" tabindex=\"-1\">Herramientas y Recursos<\/a><\/li>\n<li class=\"menu-item menu-item-type-post_type menu-item-object-page menu-item-23806\"><a href=\"https:\/\/inlab.fib.upc.edu\/intranet\/documentacio-nous-becaris\" class=\"elementor-item\" tabindex=\"-1\">Documentaci\u00f3n para nuevos becarios<\/a><\/li>\n<li class=\"menu-item menu-item-type-post_type menu-item-object-page menu-item-7481\"><a href=\"https:\/\/inlab.fib.upc.edu\/intranet\/llistes-de-correu\" class=\"elementor-item\" tabindex=\"-1\">Listas de correo<\/a><\/li>\n<li class=\"menu-item menu-item-type-post_type menu-item-object-page menu-item-23830\"><a href=\"https:\/\/inlab.fib.upc.edu\/intranet\/llistat-ex-inlabers\" class=\"elementor-item\" tabindex=\"-1\">Listado ex-inlabers<\/a><\/li>\n<li class=\"menu-item menu-item-type-post_type menu-item-object-page menu-item-23821\"><a href=\"https:\/\/inlab.fib.upc.edu\/intranet\/vistes-utils\" class=\"elementor-item\" tabindex=\"-1\">Herramientas \u00fatiles<\/a><\/li>\n<\/ul>\t\t\t<\/nav>\n\t\t\t\t\t\t<\/div>\n\t\t\t\t<\/div>\n\t\t\t\t\t<\/div>\n\t\t<\/div>\n\t\t\t\t<div class=\"elementor-column elementor-col-50 elementor-inner-column elementor-element elementor-element-fc190e1 exad-glass-effect-no exad-sticky-section-no\" data-id=\"fc190e1\" data-element_type=\"column\" data-e-type=\"column\">\n\t\t\t<div class=\"elementor-widget-wrap elementor-element-populated\">\n\t\t\t\t\t\t<div class=\"elementor-element elementor-element-092bfc2 exad-sticky-section-no exad-glass-effect-no elementor-widget elementor-widget-text-editor\" data-id=\"092bfc2\" data-element_type=\"widget\" data-e-type=\"widget\" data-widget_type=\"text-editor.default\">\n\t\t\t\t<div class=\"elementor-widget-container\">\n\t\t\t\t\t\t\t\t\t<h3>Gesti\u00f3n de Tareas<\/h3>\n<div>\n<div class=\"views-field views-field-title\"><span class=\"field-content\"><a href=\"http:\/\/www.trello.com\/\" target=\"_blank\" rel=\"noopener\">Trello<\/a><\/span><\/div>\n<div class=\"views-field views-field-body\">\n<div class=\"field-content\">\n<p>Trello es una herramienta de gesti\u00f3n de tareas basada en kanban.<\/p>\n<\/div>\n<\/div>\n<\/div>\n<div>\n<div class=\"views-field views-field-title\"><span class=\"field-content\"><a href=\"https:\/\/kanbanflow.com\/\" target=\"_blank\" rel=\"noopener\">KanbanFlow<\/a><\/span><\/div>\n<div class=\"views-field views-field-body\">\n<div class=\"field-content\">\n<p>Herramienta de gesti\u00f3n de tareas parecida a Trello que tambi\u00e9n sigue el paradigma kanban con colaboraci\u00f3n en tiempo real y apoyo por pomodoros.<\/p>\n<\/div>\n<\/div>\n<\/div>\n<h3>Gesti\u00f3n del Tiempo<\/h3>\n<div>\n<div class=\"views-field views-field-title\"><span class=\"field-content\"><a href=\"https:\/\/www.toggl.com\/\" target=\"_blank\" rel=\"noopener\">toggl<\/a><\/span><\/div>\n<div class=\"views-field views-field-body\">\n<div class=\"field-content\">\n<p>Software de gesti\u00f3n del tiempo basado en las tareas asignadas a pesar de que tambi\u00e9n permite la gesti\u00f3n de los temporizadores manualmente.<\/p>\n<\/div>\n<\/div>\n<\/div>\n<h3>Gesti\u00f3n de Proyectos<\/h3>\n<div>\n<div class=\"views-field views-field-title\"><span class=\"field-content\"><a href=\"https:\/\/redmine.fib.upc.edu\/\" target=\"_blank\" rel=\"noopener\">Redmine<\/a><\/span><\/div>\n<div class=\"views-field views-field-body\">\n<div class=\"field-content\">\n<p>Redmine es una herramienta para la gesti\u00f3n de proyectos que permite el seguimiento de incidentes y errores.<\/p>\n<\/div>\n<\/div>\n<\/div>\n<h3>Gesti\u00f3n de Referencias<\/h3>\n<div>\n<div class=\"views-field views-field-title\"><span class=\"field-content\"><a href=\"http:\/\/bibliotecnica.upc.edu\/content\/mendeley\" target=\"_blank\" rel=\"noopener\">Mendeley es un gestor de referencias integrado con bases de datos y cat\u00e1logos de la biblioteca que permite importar documentos a la biblioteca<\/a><\/span><\/div>\n<div class=\"views-field views-field-body\">\n<div class=\"field-content\">\n<p>Presentaciones, videos e infograf\u00edas<\/p>\n<\/div>\n<\/div>\n<\/div>\n<h3>Presentaciones, videos e infograf\u00edas<\/h3>\n<div>\n<div class=\"views-field views-field-title\"><span class=\"field-content\"><a href=\"http:\/\/prezi.com\/\" target=\"_blank\" rel=\"noopener\">Prezi<\/a><\/span><\/div>\n<div class=\"views-field views-field-body\">\n<div class=\"field-content\">\n<p>Prezi es uno un programa de presentaciones para explorar y compartir ideas sobre un lienzo virtual.<\/p>\n<\/div>\n<\/div>\n<\/div>\n<div>\n<div class=\"views-field views-field-title\"><span class=\"field-content\"><a href=\"http:\/\/www.powtoon.com\/\" target=\"_blank\" rel=\"noopener\">PowToon<\/a><\/span><\/div>\n<div class=\"views-field views-field-body\">\n<div class=\"field-content\">\n<p>P\u00e1gina web para la creaci\u00f3n de presentaciones y videos animados.<\/p>\n<\/div>\n<\/div>\n<\/div>\n<div>\n<div class=\"views-field views-field-title\"><span class=\"field-content\"><a href=\"http:\/\/infogr.am\/\" target=\"_blank\" rel=\"noopener\">inforgr.am<\/a><\/span><\/div>\n<div class=\"views-field views-field-body\">\n<div class=\"field-content\">\n<p>Herramienta web gratuita que permite generar infograf\u00edas interactivas de forma sencilla.<\/p>\n<\/div>\n<\/div>\n<\/div>\n<h3>Retoc Imatges<\/h3>\n<div>\n<div class=\"views-field views-field-title\"><span class=\"field-content\"><a href=\"http:\/\/pixlr.com\/\" target=\"_blank\" rel=\"noopener\">PIXLR<\/a><\/span><\/div>\n<div class=\"views-field views-field-body\">\n<div class=\"field-content\">\n<p>PIXLR es un conjunto de herramientas a la nube para el retoque de im\u00e1genes. Creado al 2008, permite hacer ediciones de fotos complejas.<\/p>\n<\/div>\n<\/div>\n<\/div>\n<div>\n<div class=\"views-field views-field-title\"><span class=\"field-content\"><a href=\"http:\/\/www.picmonkey.com\/\" target=\"_blank\" rel=\"noopener\">PicMonkey<\/a><\/span><\/div>\n<div class=\"views-field views-field-body\">\n<div class=\"field-content\">\n<p>Herramienta de edici\u00f3n y el retoque de im\u00e1genes v\u00eda web. Tambi\u00e9n permite la creaci\u00f3n de collages.<\/p>\n<\/div>\n<\/div>\n<\/div>\n<div>\n<div class=\"views-field views-field-title\"><span class=\"field-content\"><a href=\"http:\/\/www.fotor.com\/\" target=\"_blank\" rel=\"noopener\">fotor<\/a><\/span><\/div>\n<div class=\"views-field views-field-body\">\n<div class=\"field-content\">\n<p>Otra herramienta gratuita de edici\u00f3n de im\u00e1genes v\u00eda web, que tambi\u00e9n permite la creaci\u00f3n de collages, el env\u00edo de postales y aplicar filtros pre<\/p>\n<\/div>\n<\/div>\n<\/div>\n<h3>Antivirus y Seguridad<\/h3>\n<div>\n<div class=\"views-field views-field-title\"><span class=\"field-content\"><a href=\"https:\/\/www.virustotal.com\/\" target=\"_blank\" rel=\"noopener\">virustotal<\/a><\/span><\/div>\n<div class=\"views-field views-field-body\">\n<div class=\"field-content\">\n<p>VirusTotal es un servicio web que ofrece la comprobaci\u00f3n gratuita de archivos busca de virus.<\/p>\n<\/div>\n<\/div>\n<\/div>\n<h3>Ortograf\u00eda y gram\u00e1tica<\/h3>\n<div>\n<div class=\"views-field views-field-title\"><span class=\"field-content\"><a href=\"http:\/\/www.softcatala.org\/corrector\" target=\"_blank\" rel=\"noopener\">Corrector SoftCatal\u00e0<\/a><\/span><\/div>\n<div class=\"views-field views-field-body\">\n<div class=\"field-content\">\n<p>El corrector ortogr\u00e1fico de softcatal\u00e0 es una herramienta en l\u00ednea que permite hacer una revisi\u00f3n de la ortograf\u00eda en catal\u00e1n completa con especial enfasis<\/p>\n<\/div>\n<\/div>\n<\/div>\n<div>\n<div class=\"views-field views-field-title\"><span class=\"field-content\"><a href=\"https:\/\/www.grammarly.com\/\" target=\"_blank\" rel=\"noopener\">https:\/\/www.grammarly.com\/<\/a><\/span><\/div>\n<div class=\"views-field views-field-body\">\n<div class=\"field-content\">\n<p>Corrector en ingl\u00e9s<\/p>\n<\/div>\n<\/div>\n<\/div>\n\t\t\t\t\t\t\t\t<\/div>\n\t\t\t\t<\/div>\n\t\t\t\t\t<\/div>\n\t\t<\/div>\n\t\t\t\t\t<\/div>\n\t\t<\/section>\n\t\t\t\t\t<\/div>\n\t\t<\/div>\n\t\t\t\t\t<\/div>\n\t\t<\/section>\n\t\t\t\t<\/div>\n\t\t","protected":false},"excerpt":{"rendered":"<p>Herramientas y Recursos Gesti\u00f3n de Tareas Trello Trello es una herramienta de gesti\u00f3n de tareas basada en kanban. KanbanFlow Herramienta de gesti\u00f3n de tareas parecida a Trello que tambi\u00e9n sigue el paradigma kanban con colaboraci\u00f3n en tiempo real y apoyo por pomodoros. Gesti\u00f3n del Tiempo toggl Software de gesti\u00f3n del tiempo basado en las tareas [&hellip;]<\/p>\n","protected":false},"author":594,"featured_media":0,"parent":0,"menu_order":0,"comment_status":"closed","ping_status":"closed","template":"","meta":{"_acf_changed":false,"footnotes":""},"class_list":["post-27973","page","type-page","status-publish","hentry"],"acf":[],"_links":{"self":[{"href":"https:\/\/inlab.fib.upc.edu\/es\/wp-json\/wp\/v2\/pages\/27973","targetHints":{"allow":["GET"]}}],"collection":[{"href":"https:\/\/inlab.fib.upc.edu\/es\/wp-json\/wp\/v2\/pages"}],"about":[{"href":"https:\/\/inlab.fib.upc.edu\/es\/wp-json\/wp\/v2\/types\/page"}],"author":[{"embeddable":true,"href":"https:\/\/inlab.fib.upc.edu\/es\/wp-json\/wp\/v2\/users\/594"}],"replies":[{"embeddable":true,"href":"https:\/\/inlab.fib.upc.edu\/es\/wp-json\/wp\/v2\/comments?post=27973"}],"version-history":[{"count":1,"href":"https:\/\/inlab.fib.upc.edu\/es\/wp-json\/wp\/v2\/pages\/27973\/revisions"}],"predecessor-version":[{"id":27977,"href":"https:\/\/inlab.fib.upc.edu\/es\/wp-json\/wp\/v2\/pages\/27973\/revisions\/27977"}],"wp:attachment":[{"href":"https:\/\/inlab.fib.upc.edu\/es\/wp-json\/wp\/v2\/media?parent=27973"}],"curies":[{"name":"wp","href":"https:\/\/api.w.org\/{rel}","templated":true}]}}