{"id":25687,"date":"2023-10-13T09:29:03","date_gmt":"2023-10-13T07:29:03","guid":{"rendered":"https:\/\/inlab.fib.upc.edu\/?page_id=25687"},"modified":"2023-10-17T11:46:00","modified_gmt":"2023-10-17T09:46:00","slug":"turniton-teletrabajo","status":"publish","type":"page","link":"https:\/\/inlab.fib.upc.edu\/es\/soluciones\/turniton-teletrabajo","title":{"rendered":"TurnItOn &#8211; Teletrabajo"},"content":{"rendered":"\t\t<div data-elementor-type=\"wp-page\" data-elementor-id=\"25687\" class=\"elementor elementor-25687\" data-elementor-post-type=\"page\">\n\t\t\t\t\t\t<section class=\"elementor-section elementor-top-section elementor-element elementor-element-a760cfd elementor-section-boxed elementor-section-height-default elementor-section-height-default exad-glass-effect-no exad-sticky-section-no\" data-id=\"a760cfd\" data-element_type=\"section\" data-e-type=\"section\">\n\t\t\t\t\t\t<div class=\"elementor-container elementor-column-gap-default\">\n\t\t\t\t\t<div class=\"elementor-column elementor-col-100 elementor-top-column elementor-element elementor-element-f54730c exad-glass-effect-no exad-sticky-section-no\" data-id=\"f54730c\" data-element_type=\"column\" data-e-type=\"column\">\n\t\t\t<div class=\"elementor-widget-wrap elementor-element-populated\">\n\t\t\t\t\t\t<div class=\"elementor-element elementor-element-7d7e556 exad-sticky-section-no exad-glass-effect-no elementor-widget elementor-widget-spacer\" data-id=\"7d7e556\" data-element_type=\"widget\" data-e-type=\"widget\" data-widget_type=\"spacer.default\">\n\t\t\t\t<div class=\"elementor-widget-container\">\n\t\t\t\t\t\t\t<div class=\"elementor-spacer\">\n\t\t\t<div class=\"elementor-spacer-inner\"><\/div>\n\t\t<\/div>\n\t\t\t\t\t\t<\/div>\n\t\t\t\t<\/div>\n\t\t\t\t\t<\/div>\n\t\t<\/div>\n\t\t\t\t\t<\/div>\n\t\t<\/section>\n\t\t\t\t<section class=\"elementor-section elementor-top-section elementor-element elementor-element-50e5c96 elementor-section-boxed elementor-section-height-default elementor-section-height-default exad-glass-effect-no exad-sticky-section-no\" data-id=\"50e5c96\" data-element_type=\"section\" data-e-type=\"section\">\n\t\t\t\t\t\t<div class=\"elementor-container elementor-column-gap-default\">\n\t\t\t\t\t<div class=\"elementor-column elementor-col-100 elementor-top-column elementor-element elementor-element-2535e96 exad-glass-effect-no exad-sticky-section-no\" data-id=\"2535e96\" data-element_type=\"column\" data-e-type=\"column\">\n\t\t\t<div class=\"elementor-widget-wrap elementor-element-populated\">\n\t\t\t\t\t\t<div class=\"elementor-element elementor-element-294e3eb exad-sticky-section-no exad-glass-effect-no elementor-widget elementor-widget-text-editor\" data-id=\"294e3eb\" data-element_type=\"widget\" data-e-type=\"widget\" data-widget_type=\"text-editor.default\">\n\t\t\t\t<div class=\"elementor-widget-container\">\n\t\t\t\t\t\t\t\t\t<p class=\"elementor-heading-title elementor-size-default elementor-inline-editing pen\" style=\"font-family: -apple-system, BlinkMacSystemFont, 'Segoe UI', Roboto, 'Helvetica Neue', Arial, 'Noto Sans', sans-serif; font-weight: bold; color: #007bc0; font-size: 2.8em;\" data-elementor-setting-key=\"title\" data-pen-placeholder=\"Escriviu aqu\u00ed...\"><span style=\"color: #333333;\">TurnItOn &#8211; Teletrabajo<\/span><\/p>\t\t\t\t\t\t\t\t<\/div>\n\t\t\t\t<\/div>\n\t\t\t\t<div class=\"elementor-element elementor-element-4744669 exad-sticky-section-no exad-glass-effect-no elementor-widget elementor-widget-spacer\" data-id=\"4744669\" data-element_type=\"widget\" data-e-type=\"widget\" data-widget_type=\"spacer.default\">\n\t\t\t\t<div class=\"elementor-widget-container\">\n\t\t\t\t\t\t\t<div class=\"elementor-spacer\">\n\t\t\t<div class=\"elementor-spacer-inner\"><\/div>\n\t\t<\/div>\n\t\t\t\t\t\t<\/div>\n\t\t\t\t<\/div>\n\t\t\t\t<div class=\"elementor-element elementor-element-9fe8714 exad-sticky-section-no exad-glass-effect-no elementor-widget elementor-widget-spacer\" data-id=\"9fe8714\" data-element_type=\"widget\" data-e-type=\"widget\" data-widget_type=\"spacer.default\">\n\t\t\t\t<div class=\"elementor-widget-container\">\n\t\t\t\t\t\t\t<div class=\"elementor-spacer\">\n\t\t\t<div class=\"elementor-spacer-inner\"><\/div>\n\t\t<\/div>\n\t\t\t\t\t\t<\/div>\n\t\t\t\t<\/div>\n\t\t\t\t\t<\/div>\n\t\t<\/div>\n\t\t\t\t\t<\/div>\n\t\t<\/section>\n\t\t\t\t<section class=\"elementor-section elementor-top-section elementor-element elementor-element-e0f8320 elementor-section-boxed elementor-section-height-default elementor-section-height-default exad-glass-effect-no exad-sticky-section-no\" data-id=\"e0f8320\" data-element_type=\"section\" data-e-type=\"section\">\n\t\t\t\t\t\t<div class=\"elementor-container elementor-column-gap-default\">\n\t\t\t\t\t<div class=\"elementor-column elementor-col-33 elementor-top-column elementor-element elementor-element-a4fe0a1 exad-glass-effect-no exad-sticky-section-no\" data-id=\"a4fe0a1\" data-element_type=\"column\" data-e-type=\"column\" data-settings=\"{&quot;background_background&quot;:&quot;classic&quot;}\">\n\t\t\t<div class=\"elementor-widget-wrap elementor-element-populated\">\n\t\t\t\t\t\t<div class=\"elementor-element elementor-element-6849f0a exad-sticky-section-no exad-glass-effect-no elementor-widget elementor-widget-image\" data-id=\"6849f0a\" data-element_type=\"widget\" data-e-type=\"widget\" data-widget_type=\"image.default\">\n\t\t\t\t<div class=\"elementor-widget-container\">\n\t\t\t\t\t\t\t\t\t\t\t\t\t\t\t<img fetchpriority=\"high\" decoding=\"async\" width=\"800\" height=\"533\" src=\"https:\/\/inlab.fib.upc.edu\/wp-content\/uploads\/2023\/10\/rsz_webpnet-compress-image.jpg\" class=\"attachment-large size-large wp-image-25642\" alt=\"\" srcset=\"https:\/\/inlab.fib.upc.edu\/wp-content\/uploads\/2023\/10\/rsz_webpnet-compress-image.jpg 900w, https:\/\/inlab.fib.upc.edu\/wp-content\/uploads\/2023\/10\/rsz_webpnet-compress-image-300x200.jpg 300w, https:\/\/inlab.fib.upc.edu\/wp-content\/uploads\/2023\/10\/rsz_webpnet-compress-image-768x512.jpg 768w\" sizes=\"(max-width: 800px) 100vw, 800px\" \/>\t\t\t\t\t\t\t\t\t\t\t\t\t\t\t<\/div>\n\t\t\t\t<\/div>\n\t\t\t\t<div class=\"elementor-element elementor-element-74e30e1 exad-sticky-section-no exad-glass-effect-no elementor-widget elementor-widget-heading\" data-id=\"74e30e1\" data-element_type=\"widget\" data-e-type=\"widget\" data-widget_type=\"heading.default\">\n\t\t\t\t<div class=\"elementor-widget-container\">\n\t\t\t\t\t<h3 class=\"elementor-heading-title elementor-size-medium\">Encendido remoto de equipos<\/h3>\t\t\t\t<\/div>\n\t\t\t\t<\/div>\n\t\t\t\t<div class=\"elementor-element elementor-element-50f52fa exad-sticky-section-no exad-glass-effect-no elementor-widget elementor-widget-text-editor\" data-id=\"50f52fa\" data-element_type=\"widget\" data-e-type=\"widget\" data-widget_type=\"text-editor.default\">\n\t\t\t\t<div class=\"elementor-widget-container\">\n\t\t\t\t\t\t\t\t\t<p>Para aquellas personas que quieran conectarse remotamente a su ordenador para hacer teletrabajo o por tener su entorno habitual en una reuni\u00f3n, TurnItOn ofrece la posibilidad de hacer teletrabajo encendiendo tu ordenador de forma remota.<\/p>\t\t\t\t\t\t\t\t<\/div>\n\t\t\t\t<\/div>\n\t\t\t\t\t<\/div>\n\t\t<\/div>\n\t\t\t\t<div class=\"elementor-column elementor-col-33 elementor-top-column elementor-element elementor-element-ed7dab4 exad-glass-effect-no exad-sticky-section-no\" data-id=\"ed7dab4\" data-element_type=\"column\" data-e-type=\"column\">\n\t\t\t<div class=\"elementor-widget-wrap elementor-element-populated\">\n\t\t\t\t\t\t<div class=\"elementor-element elementor-element-a20764c exad-sticky-section-no exad-glass-effect-no elementor-widget elementor-widget-image\" data-id=\"a20764c\" data-element_type=\"widget\" data-e-type=\"widget\" data-widget_type=\"image.default\">\n\t\t\t\t<div class=\"elementor-widget-container\">\n\t\t\t\t\t\t\t\t\t\t\t\t\t\t\t<img decoding=\"async\" width=\"800\" height=\"600\" src=\"https:\/\/inlab.fib.upc.edu\/wp-content\/uploads\/2023\/10\/pexels-kevin-ku-577585.jpg\" class=\"attachment-large size-large wp-image-25645\" alt=\"\" srcset=\"https:\/\/inlab.fib.upc.edu\/wp-content\/uploads\/2023\/10\/pexels-kevin-ku-577585.jpg 800w, https:\/\/inlab.fib.upc.edu\/wp-content\/uploads\/2023\/10\/pexels-kevin-ku-577585-300x225.jpg 300w, https:\/\/inlab.fib.upc.edu\/wp-content\/uploads\/2023\/10\/pexels-kevin-ku-577585-768x576.jpg 768w\" sizes=\"(max-width: 800px) 100vw, 800px\" \/>\t\t\t\t\t\t\t\t\t\t\t\t\t\t\t<\/div>\n\t\t\t\t<\/div>\n\t\t\t\t<div class=\"elementor-element elementor-element-63b3e3a exad-sticky-section-no exad-glass-effect-no elementor-widget elementor-widget-heading\" data-id=\"63b3e3a\" data-element_type=\"widget\" data-e-type=\"widget\" data-widget_type=\"heading.default\">\n\t\t\t\t<div class=\"elementor-widget-container\">\n\t\t\t\t\t<h3 class=\"elementor-heading-title elementor-size-medium\">Disminuci\u00f3n del Consumo Energ\u00e9tico<\/h3>\t\t\t\t<\/div>\n\t\t\t\t<\/div>\n\t\t\t\t<div class=\"elementor-element elementor-element-6ac4793 exad-sticky-section-no exad-glass-effect-no elementor-widget elementor-widget-text-editor\" data-id=\"6ac4793\" data-element_type=\"widget\" data-e-type=\"widget\" data-widget_type=\"text-editor.default\">\n\t\t\t\t<div class=\"elementor-widget-container\">\n\t\t\t\t\t\t\t\t\t<p>Estos aspectos hacen que TurnItOn sea una herramienta ideal para cualquier compa\u00f1\u00eda con un gran n\u00famero de ordenadores que est\u00e1n largos per\u00edodos de tiempo encendidas, sin uso, provocando altos consumos energ\u00e9ticos.<\/p>\t\t\t\t\t\t\t\t<\/div>\n\t\t\t\t<\/div>\n\t\t\t\t\t<\/div>\n\t\t<\/div>\n\t\t\t\t<div class=\"elementor-column elementor-col-33 elementor-top-column elementor-element elementor-element-fca6c24 exad-glass-effect-no exad-sticky-section-no\" data-id=\"fca6c24\" data-element_type=\"column\" data-e-type=\"column\">\n\t\t\t<div class=\"elementor-widget-wrap elementor-element-populated\">\n\t\t\t\t\t\t<div class=\"elementor-element elementor-element-d83f605 exad-sticky-section-no exad-glass-effect-no elementor-widget elementor-widget-image\" data-id=\"d83f605\" data-element_type=\"widget\" data-e-type=\"widget\" data-widget_type=\"image.default\">\n\t\t\t\t<div class=\"elementor-widget-container\">\n\t\t\t\t\t\t\t\t\t\t\t\t\t\t\t<img decoding=\"async\" width=\"800\" height=\"450\" src=\"https:\/\/inlab.fib.upc.edu\/wp-content\/uploads\/2023\/10\/pexels-pixabay-267507.jpg\" class=\"attachment-large size-large wp-image-25648\" alt=\"\" srcset=\"https:\/\/inlab.fib.upc.edu\/wp-content\/uploads\/2023\/10\/pexels-pixabay-267507.jpg 960w, https:\/\/inlab.fib.upc.edu\/wp-content\/uploads\/2023\/10\/pexels-pixabay-267507-300x169.jpg 300w, https:\/\/inlab.fib.upc.edu\/wp-content\/uploads\/2023\/10\/pexels-pixabay-267507-768x432.jpg 768w\" sizes=\"(max-width: 800px) 100vw, 800px\" \/>\t\t\t\t\t\t\t\t\t\t\t\t\t\t\t<\/div>\n\t\t\t\t<\/div>\n\t\t\t\t<div class=\"elementor-element elementor-element-6f69104 exad-sticky-section-no exad-glass-effect-no elementor-widget elementor-widget-heading\" data-id=\"6f69104\" data-element_type=\"widget\" data-e-type=\"widget\" data-widget_type=\"heading.default\">\n\t\t\t\t<div class=\"elementor-widget-container\">\n\t\t\t\t\t<h3 class=\"elementor-heading-title elementor-size-medium\">PCs apagados durante la noche<\/h3>\t\t\t\t<\/div>\n\t\t\t\t<\/div>\n\t\t\t\t<div class=\"elementor-element elementor-element-f087f4c exad-sticky-section-no exad-glass-effect-no elementor-widget elementor-widget-text-editor\" data-id=\"f087f4c\" data-element_type=\"widget\" data-e-type=\"widget\" data-widget_type=\"text-editor.default\">\n\t\t\t\t<div class=\"elementor-widget-container\">\n\t\t\t\t\t\t\t\t\t<p>Una de las funcionalidades de TurnItOn es el apagado de manera autom\u00e1tica de todos los equipos a partir de una cierta hora. De esta manera los PCs no quedan encendidos de manera innecesaria durante largos per\u00edodos de tiempo.<\/p>\t\t\t\t\t\t\t\t<\/div>\n\t\t\t\t<\/div>\n\t\t\t\t\t<\/div>\n\t\t<\/div>\n\t\t\t\t\t<\/div>\n\t\t<\/section>\n\t\t\t\t<section class=\"elementor-section elementor-top-section elementor-element elementor-element-ea0a30d elementor-section-boxed elementor-section-height-default elementor-section-height-default exad-glass-effect-no exad-sticky-section-no\" data-id=\"ea0a30d\" data-element_type=\"section\" data-e-type=\"section\" data-settings=\"{&quot;background_background&quot;:&quot;classic&quot;}\">\n\t\t\t\t\t\t<div class=\"elementor-container elementor-column-gap-default\">\n\t\t\t\t\t<div class=\"elementor-column elementor-col-100 elementor-top-column elementor-element elementor-element-5ac5447 exad-glass-effect-no exad-sticky-section-no\" data-id=\"5ac5447\" data-element_type=\"column\" data-e-type=\"column\">\n\t\t\t<div class=\"elementor-widget-wrap elementor-element-populated\">\n\t\t\t\t\t\t<div class=\"elementor-element elementor-element-ad0d28e exad-sticky-section-no exad-glass-effect-no elementor-widget elementor-widget-heading\" data-id=\"ad0d28e\" data-element_type=\"widget\" data-e-type=\"widget\" data-widget_type=\"heading.default\">\n\t\t\t\t<div class=\"elementor-widget-container\">\n\t\t\t\t\t<h2 class=\"elementor-heading-title elementor-size-default\">Or\u00edgenes de TurnItOn<\/h2>\t\t\t\t<\/div>\n\t\t\t\t<\/div>\n\t\t\t\t<div class=\"elementor-element elementor-element-50204d6 exad-sticky-section-no exad-glass-effect-no elementor-widget elementor-widget-text-editor\" data-id=\"50204d6\" data-element_type=\"widget\" data-e-type=\"widget\" data-widget_type=\"text-editor.default\">\n\t\t\t\t<div class=\"elementor-widget-container\">\n\t\t\t\t\t\t\t\t\t<p>2014 se inici\u00f3 un plan de ahorro energ\u00e9tico en la UPC y se empezaron a impulsar proyectos de optimizaci\u00f3n energ\u00e9tica (POE), inversiones en eficiencia energ\u00e9tica y un sistema de monitorizaci\u00f3n SIRENA entre otras acciones.<\/p><p>Aprovechando la oportunidad, al inLab FIB se cre\u00f3 un proyecto con el objetivo de resolver algunos problemas en el contexto energ\u00e9tico que se encontraron en el entorno de trabajo de la FIB. Algunos de los problemas eran las m\u00e1quinas que se quedaban encendidas toda la noche de manera innecesaria, debido a que el personal que realizaba teletrabajo deb\u00eda dejar sus m\u00e1quinas encendidas porque no exist\u00eda ning\u00fan m\u00e9todo para su encendido remoto.<\/p>\t\t\t\t\t\t\t\t<\/div>\n\t\t\t\t<\/div>\n\t\t\t\t\t<\/div>\n\t\t<\/div>\n\t\t\t\t\t<\/div>\n\t\t<\/section>\n\t\t\t\t<section class=\"elementor-section elementor-top-section elementor-element elementor-element-7601b3a elementor-section-boxed elementor-section-height-default elementor-section-height-default exad-glass-effect-no exad-sticky-section-no\" data-id=\"7601b3a\" data-element_type=\"section\" data-e-type=\"section\">\n\t\t\t\t\t\t<div class=\"elementor-container elementor-column-gap-default\">\n\t\t\t\t\t<div class=\"elementor-column elementor-col-100 elementor-top-column elementor-element elementor-element-481d559 exad-glass-effect-no exad-sticky-section-no\" data-id=\"481d559\" data-element_type=\"column\" data-e-type=\"column\">\n\t\t\t<div class=\"elementor-widget-wrap elementor-element-populated\">\n\t\t\t\t\t\t<div class=\"elementor-element elementor-element-dbc9b48 exad-sticky-section-no exad-glass-effect-no elementor-widget elementor-widget-heading\" data-id=\"dbc9b48\" data-element_type=\"widget\" data-e-type=\"widget\" data-widget_type=\"heading.default\">\n\t\t\t\t<div class=\"elementor-widget-container\">\n\t\t\t\t\t<h2 class=\"elementor-heading-title elementor-size-default\">La herramienta<\/h2>\t\t\t\t<\/div>\n\t\t\t\t<\/div>\n\t\t\t\t<div class=\"elementor-element elementor-element-bbdc660 exad-sticky-section-no exad-glass-effect-no elementor-widget elementor-widget-text-editor\" data-id=\"bbdc660\" data-element_type=\"widget\" data-e-type=\"widget\" data-widget_type=\"text-editor.default\">\n\t\t\t\t<div class=\"elementor-widget-container\">\n\t\t\t\t\t\t\t\t\t<p>TurnItOn es una herramienta que surgi\u00f3 dentro del contexto del ahorro energ\u00e9tico, tanto por el tema de costes como por el tema ecol\u00f3gico. Muchos ordenadores de los trabajadores se quedaban encendidos por olvido y ciertas veces por necesidad (si el trabajador quer\u00eda trabajar desde casa) con los costes que implicaba, m\u00e1s de 12 horas consumiendo energ\u00eda sin necesidad.<\/p><p>As\u00ed podemos definir TurnItOn como una plataforma web desde donde se gestiona el estado de energ\u00eda de los ordenadores del entorno de trabajo, consiguiendo que \u00e9stos s\u00f3lo est\u00e9n encendidas el tiempo necesario, reduciendo as\u00ed el consumo de energ\u00eda ya la vez, proporcionando al trabajador una herramienta sencilla para poder encender y apagar su ordenador cuando quiera y desde donde quiera, resultando una herramienta imprescindible para el teletrabajo.<\/p>\t\t\t\t\t\t\t\t<\/div>\n\t\t\t\t<\/div>\n\t\t\t\t<div class=\"elementor-element elementor-element-aabd8ed exad-sticky-section-no exad-glass-effect-no elementor-widget elementor-widget-image\" data-id=\"aabd8ed\" data-element_type=\"widget\" data-e-type=\"widget\" data-widget_type=\"image.default\">\n\t\t\t\t<div class=\"elementor-widget-container\">\n\t\t\t\t\t\t\t\t\t\t\t\t\t\t\t<img loading=\"lazy\" decoding=\"async\" width=\"800\" height=\"408\" src=\"https:\/\/inlab.fib.upc.edu\/wp-content\/uploads\/2023\/10\/turn-it-on.png\" class=\"attachment-large size-large wp-image-25660\" alt=\"\" srcset=\"https:\/\/inlab.fib.upc.edu\/wp-content\/uploads\/2023\/10\/turn-it-on.png 960w, https:\/\/inlab.fib.upc.edu\/wp-content\/uploads\/2023\/10\/turn-it-on-300x153.png 300w, https:\/\/inlab.fib.upc.edu\/wp-content\/uploads\/2023\/10\/turn-it-on-768x391.png 768w\" sizes=\"(max-width: 800px) 100vw, 800px\" \/>\t\t\t\t\t\t\t\t\t\t\t\t\t\t\t<\/div>\n\t\t\t\t<\/div>\n\t\t\t\t<div class=\"elementor-element elementor-element-42f5e04 exad-sticky-section-no exad-glass-effect-no elementor-widget elementor-widget-text-editor\" data-id=\"42f5e04\" data-element_type=\"widget\" data-e-type=\"widget\" data-widget_type=\"text-editor.default\">\n\t\t\t\t<div class=\"elementor-widget-container\">\n\t\t\t\t\t\t\t\t\t<p>Con el desarrollo de esta herramienta hemos conseguido apagar cada d\u00eda todos los ordenadores que por olvido se quedaban encendidos y tambi\u00e9n hemos conseguido que los trabajadores que necesitaban disponer del ordenador m\u00e1s tiempo, lo puedan hacer gestionando ellos mismos la parada y la puesta en marcha y ofreci\u00e9ndole la posibilidad de hacerlo desde casa.<\/p><p>Esta herramienta permite:<\/p><ul><li>Programar el apagado inteligente de los ordenadores.<\/li><li>Definir una programaci\u00f3n de la puesta en marcha y la parada de los ordenadores.<\/li><li>Permite la puesta en marcha del ordenador remotamente, es muy \u00fatil y necesario si quieres trabajar desde casa, una vez encendido el trabajador se puede conectar por escritorio remoto.<\/li><li>Comprobar el estado energ\u00e9tico (si est\u00e1n encendido o apagados) de los ordenadores.<\/li><\/ul>\t\t\t\t\t\t\t\t<\/div>\n\t\t\t\t<\/div>\n\t\t\t\t<div class=\"elementor-element elementor-element-ea18733 exad-sticky-section-no exad-glass-effect-no elementor-widget elementor-widget-image\" data-id=\"ea18733\" data-element_type=\"widget\" data-e-type=\"widget\" data-widget_type=\"image.default\">\n\t\t\t\t<div class=\"elementor-widget-container\">\n\t\t\t\t\t\t\t\t\t\t\t\t\t\t\t<img loading=\"lazy\" decoding=\"async\" width=\"800\" height=\"335\" src=\"https:\/\/inlab.fib.upc.edu\/wp-content\/uploads\/2023\/10\/captura2.png\" class=\"attachment-large size-large wp-image-25663\" alt=\"\" srcset=\"https:\/\/inlab.fib.upc.edu\/wp-content\/uploads\/2023\/10\/captura2.png 960w, https:\/\/inlab.fib.upc.edu\/wp-content\/uploads\/2023\/10\/captura2-300x126.png 300w, https:\/\/inlab.fib.upc.edu\/wp-content\/uploads\/2023\/10\/captura2-768x322.png 768w\" sizes=\"(max-width: 800px) 100vw, 800px\" \/>\t\t\t\t\t\t\t\t\t\t\t\t\t\t\t<\/div>\n\t\t\t\t<\/div>\n\t\t\t\t<div class=\"elementor-element elementor-element-a07c4be exad-sticky-section-no exad-glass-effect-no elementor-widget elementor-widget-spacer\" data-id=\"a07c4be\" data-element_type=\"widget\" data-e-type=\"widget\" data-widget_type=\"spacer.default\">\n\t\t\t\t<div class=\"elementor-widget-container\">\n\t\t\t\t\t\t\t<div class=\"elementor-spacer\">\n\t\t\t<div class=\"elementor-spacer-inner\"><\/div>\n\t\t<\/div>\n\t\t\t\t\t\t<\/div>\n\t\t\t\t<\/div>\n\t\t\t\t\t<\/div>\n\t\t<\/div>\n\t\t\t\t\t<\/div>\n\t\t<\/section>\n\t\t\t\t<\/div>\n\t\t","protected":false},"excerpt":{"rendered":"<p>TurnItOn &#8211; Teletrabajo Encendido remoto de equipos Para aquellas personas que quieran conectarse remotamente a su ordenador para hacer teletrabajo o por tener su entorno habitual en una reuni\u00f3n, TurnItOn ofrece la posibilidad de hacer teletrabajo encendiendo tu ordenador de forma remota. Disminuci\u00f3n del Consumo Energ\u00e9tico Estos aspectos hacen que TurnItOn sea una herramienta ideal [&hellip;]<\/p>\n","protected":false},"author":594,"featured_media":0,"parent":8822,"menu_order":0,"comment_status":"closed","ping_status":"closed","template":"","meta":{"_acf_changed":false,"footnotes":""},"class_list":["post-25687","page","type-page","status-publish","hentry"],"acf":[],"_links":{"self":[{"href":"https:\/\/inlab.fib.upc.edu\/es\/wp-json\/wp\/v2\/pages\/25687","targetHints":{"allow":["GET"]}}],"collection":[{"href":"https:\/\/inlab.fib.upc.edu\/es\/wp-json\/wp\/v2\/pages"}],"about":[{"href":"https:\/\/inlab.fib.upc.edu\/es\/wp-json\/wp\/v2\/types\/page"}],"author":[{"embeddable":true,"href":"https:\/\/inlab.fib.upc.edu\/es\/wp-json\/wp\/v2\/users\/594"}],"replies":[{"embeddable":true,"href":"https:\/\/inlab.fib.upc.edu\/es\/wp-json\/wp\/v2\/comments?post=25687"}],"version-history":[{"count":17,"href":"https:\/\/inlab.fib.upc.edu\/es\/wp-json\/wp\/v2\/pages\/25687\/revisions"}],"predecessor-version":[{"id":25931,"href":"https:\/\/inlab.fib.upc.edu\/es\/wp-json\/wp\/v2\/pages\/25687\/revisions\/25931"}],"up":[{"embeddable":true,"href":"https:\/\/inlab.fib.upc.edu\/es\/wp-json\/wp\/v2\/pages\/8822"}],"wp:attachment":[{"href":"https:\/\/inlab.fib.upc.edu\/es\/wp-json\/wp\/v2\/media?parent=25687"}],"curies":[{"name":"wp","href":"https:\/\/api.w.org\/{rel}","templated":true}]}}